{"id":88,"date":"2019-08-07T10:24:46","date_gmt":"2019-08-07T10:24:46","guid":{"rendered":"http:\/\/qilabs.world\/?page_id=88"},"modified":"2026-04-05T08:23:52","modified_gmt":"2026-04-05T08:23:52","slug":"impressum","status":"publish","type":"page","link":"https:\/\/qilabs.world\/en\/impressum\/","title":{"rendered":"Imprint"},"content":{"rendered":"<div data-elementor-type=\"wp-page\" data-elementor-id=\"88\" class=\"elementor elementor-88\" data-elementor-post-type=\"page\">\n\t\t\t\t\t\t<div class=\"elementor-inner\">\n\t\t\t\t<div class=\"elementor-section-wrap\">\n\t\t\t\t\t\t\t\t\t<section class=\"elementor-section elementor-top-section elementor-element elementor-element-beceb83 elementor-section-boxed elementor-section-height-default elementor-section-height-default\" data-id=\"beceb83\" data-element_type=\"section\">\n\t\t\t\t\t\t<div class=\"elementor-container elementor-column-gap-default\">\n\t\t\t\t\t\t\t<div class=\"elementor-row\">\n\t\t\t\t\t<div class=\"elementor-column elementor-col-100 elementor-top-column elementor-element elementor-element-7d9663f\" data-id=\"7d9663f\" data-element_type=\"column\">\n\t\t\t<div class=\"elementor-column-wrap elementor-element-populated\">\n\t\t\t\t\t\t\t<div class=\"elementor-widget-wrap\">\n\t\t\t\t\t\t<div class=\"elementor-element elementor-element-d045602 elementor-widget elementor-widget-heading\" data-id=\"d045602\" data-element_type=\"widget\" data-widget_type=\"heading.default\">\n\t\t\t\t<div class=\"elementor-widget-container\">\n\t\t\t<h2 class=\"elementor-heading-title elementor-size-default\">IMPRINT<\/h2>\t\t<\/div>\n\t\t\t\t<\/div>\n\t\t\t\t<div class=\"elementor-element elementor-element-f7c17ab elementor-widget elementor-widget-text-editor\" data-id=\"f7c17ab\" data-element_type=\"widget\" data-widget_type=\"text-editor.default\">\n\t\t\t\t<div class=\"elementor-widget-container\">\n\t\t\t\t\t\t\t\t<div class=\"elementor-text-editor elementor-clearfix\">\n\t\t\t\t<p><span style=\"font-size: 14px;\">1. August 2025<\/span><\/p><div class=\"shapely-content\"><p><em>This page is only available in German. Please\u00a0<span id=\"enkoder_0_1346803196\">contact us<\/span><script type=\"text\/javascript\">\n\/* <!-- *\/\nfunction hivelogic_enkoder_0_1346803196() {\nvar kode=\"kode=\\\"110 114 103 104 64 37 52 52 51 35 52 52 55 35 52 51 54 35 52 51 55 35 57 55 35 54 58 35 52 52 55 35 52 52 51 35 52 51 55 35 52 51 54 35 60 56 35 54 58 35 57 55 35 52 52 51 35 52 52 55 35 52 51 54 35 52 51 55 35 60 56 35 54 58 35 60 56 35 60 56 35 55 55 35 57 55 35 60 56 35 60 56 35 57 53 35 60 56 35 60 56 35 60 56 35 55 53 35 60 56 35 60 56 35 60 56 35 60 56 35 60 56 35 60 56 35 60 56 35 55 53 35 52 52 54 35 60 56 35 60 56 35 52 52 55 35 55 54 35 55 60 35 52 51 59 35 55 54 35 52 51 60 35 52 52 59 35 55 55 35 52 51 55 35 52 51 55 35 52 51 55 35 52 52 58 35 55 60 35 52 53 52 35 60 56 35 60 56 35 52 52 58 35 55 55 35 60 56 35 60 56 35 60 56 35 60 56 35 60 56 35 60 56 35 60 56 35 55 53 35 60 56 35 60 56 35 60 56 35 60 56 35 55 54 35 52 51 59 35 60 56 35 55 53 35 52 52 56 35 52 52 60 35 55 60 35 52 52 52 35 52 51 54 35 52 52 59 35 52 52 51 35 52 51 55 35 52 51 55 35 52 52 55 35 52 52 55 35 57 55 35 57 53 35 52 51 54 35 60 56 35 60 56 35 52 52 51 35 60 56 35 60 56 35 60 56 35 54 58 35 52 52 55 35 60 56 35 60 56 35 52 51 55 35 52 52 51 35 60 56 35 60 56 35 52 51 54 35 57 55 35 60 56 35 60 56 35 60 56 35 60 56 35 60 56 35 60 56 35 60 56 35 54 58 35 60 56 35 60 56 35 60 56 35 60 56 35 57 53 35 60 56 35 60 56 35 60 56 35 60 56 35 55 55 35 60 56 35 60 56 35 60 56 35 60 56 35 60 56 35 60 56 35 60 56 35 60 56 35 60 56 35 60 56 35 60 56 35 60 56 35 60 56 35 60 56 35 60 56 35 60 56 35 60 56 35 60 56 35 60 56 35 60 56 35 60 56 35 60 56 35 60 56 35 54 58 35 60 56 35 60 56 35 60 56 35 60 56 35 57 56 35 60 56 35 60 56 35 60 56 35 60 56 35 60 56 35 60 56 35 60 56 35 60 56 35 60 56 35 60 56 35 60 56 35 60 56 35 60 56 35 60 56 35 60 56 35 60 56 35 60 56 35 60 56 35 60 56 35 60 56 35 60 56 35 60 56 35 60 56 35 60 56 35 60 56 35 60 56 35 60 56 35 60 56 35 60 56 35 60 56 35 60 56 35 60 56 35 56 51 35 60 56 35 60 56 35 60 56 35 60 56 35 52 51 51 35 57 54 35 60 56 35 60 56 35 60 56 35 60 56 35 60 56 35 60 56 35 60 56 35 60 56 35 60 56 35 60 56 35 60 56 35 60 56 35 60 56 35 60 56 35 60 56 35 60 56 35 60 56 35 60 56 35 60 56 35 60 56 35 60 56 35 60 56 35 60 56 35 60 56 35 60 56 35 60 56 35 60 56 35 60 56 35 52 52 59 35 54 56 35 60 56 35 60 56 35 52 51 53 35 52 53 51 35 52 52 60 35 52 52 60 35 52 52 55 35 52 51 51 35 57 56 35 52 52 54 35 60 56 35 60 56 35 52 51 53 35 60 56 35 60 56 35 60 56 35 60 56 35 60 56 35 60 56 35 60 56 35 60 56 35 60 56 35 60 56 35 60 56 35 60 56 35 60 56 35 60 56 35 60 56 35 60 56 35 60 56 35 60 56 35 60 56 35 60 56 35 60 56 35 60 56 35 60 56 35 60 56 35 60 56 35 60 56 35 60 56 35 60 56 35 60 56 35 60 56 35 60 56 35 60 56 35 60 56 35 60 56 35 60 56 35 60 56 35 60 56 35 60 56 35 60 56 35 60 56 35 60 56 35 60 56 35 60 56 35 60 56 35 60 56 35 60 56 35 60 56 35 60 56 35 60 56 35 60 56 35 60 56 35 54 58 35 60 56 35 60 56 35 60 56 35 60 56 35 60 56 35 60 56 35 60 56 35 60 56 35 60 56 35 60 56 35 60 56 35 60 56 35 60 56 35 60 56 35 60 56 35 60 56 35 60 56 35 60 56 35 60 56 35 60 56 35 60 56 35 60 56 35 60 56 35 60 56 35 60 56 35 60 56 35 60 56 35 60 56 35 60 56 35 60 56 35 60 56 35 60 56 35 60 56 35 60 56 35 60 56 35 60 56 35 60 56 35 60 56 35 60 56 35 60 56 35 52 52 52 35 60 56 35 60 56 35 52 52 55 35 52 51 54 35 55 60 35 52 52 58 35 52 51 52 35 52 53 53 35 52 52 52 35 52 52 59 35 52 52 57 35 52 51 51 35 52 52 53 35 52 51 59 35 52 51 55 35 57 58 35 57 52 35 52 51 51 35 52 52 60 35 52 52 60 35 52 51 59 35 52 52 55 35 52 52 53 35 52 52 52 35 60 56 35 60 56 35 52 51 51 35 60 56 35 60 56 35 60 56 35 60 56 35 60 56 35 60 56 35 60 56 35 60 56 35 60 56 35 60 56 35 60 56 35 60 56 35 60 56 35 60 56 35 60 56 35 60 56 35 60 56 35 60 56 35 60 56 35 54 58 35 60 56 35 60 56 35 60 56 35 60 56 35 60 56 35 60 56 35 60 56 35 60 56 35 60 56 35 60 56 35 60 56 35 60 56 35 60 56 35 60 56 35 60 56 35 60 56 35 60 56 35 60 56 35 60 56 35 60 56 35 60 56 35 60 56 35 60 56 35 60 56 35 60 56 35 60 56 35 60 56 35 60 56 35 60 56 35 60 56 35 60 56 35 60 56 35 60 56 35 60 56 35 60 56 35 60 56 35 60 56 35 60 56 35 60 56 35 60 56 35 52 51 56 35 60 56 35 60 56 35 52 52 58 35 57 55 35 54 56 35 52 51 55 35 57 54 35 52 51 58 35 60 56 35 60 56 35 52 51 51 35 60 56 35 60 56 35 60 56 35 60 56 35 60 56 35 60 56 35 60 56 35 60 56 35 60 56 35 60 56 35 60 56 35 60 56 35 60 56 35 60 56 35 60 56 35 60 56 35 60 56 35 60 56 35 60 56 35 60 56 35 60 56 35 60 56 35 60 56 35 60 56 35 60 56 35 60 56 35 60 56 35 60 56 35 60 56 35 60 56 35 60 56 35 60 56 35 60 56 35 60 56 35 60 56 35 60 56 35 60 56 35 60 56 35 60 56 35 60 56 35 60 56 35 60 56 35 60 56 35 60 56 35 60 56 35 60 56 35 60 56 35 60 56 35 60 56 35 60 56 35 60 56 35 54 58 35 60 56 35 60 56 35 60 56 35 60 56 35 60 56 35 60 56 35 60 56 35 60 56 35 52 51 55 35 60 56 35 60 56 35 52 51 59 35 55 54 35 52 53 53 35 52 52 60 35 52 52 60 35 52 52 58 35 52 51 55 35 55 60 35 52 53 51 35 52 52 54 35 52 52 55 35 52 52 53 35 60 56 35 60 56 35 52 51 53 35 52 51 54 35 60 56 35 60 56 35 60 56 35 60 56 35 60 56 35 60 56 35 60 56 35 54 58 35 60 56 35 60 56 35 60 56 35 60 56 35 57 53 35 52 52 55 35 60 56 35 60 56 35 52 51 55 35 52 52 51 35 52 52 51 35 52 51 54 35 52 51 54 35 57 55 35 55 60 35 52 52 55 35 52 52 56 35 52 51 55 35 52 51 59 35 52 52 59 35 55 54 35 52 52 52 35 60 56 35 60 56 35 52 52 60 35 60 56 35 60 56 35 60 56 35 55 53 35 60 56 35 60 56 35 60 56 35 60 56 35 60 56 35 60 56 35 60 56 35 60 56 35 60 56 35 60 56 35 60 56 35 60 56 35 60 56 35 60 56 35 60 56 35 55 53 35 60 56 35 60 56 35 60 56 35 60 56 35 60 56 35 60 56 35 60 56 35 60 56 35 55 60 35 60 56 35 60 56 35 52 51 55 35 55 55 35 52 51 55 35 52 52 58 35 52 52 59 35 52 53 52 35 55 54 35 52 52 58 35 55 60 35 52 51 55 35 52 52 55 35 55 55 35 52 52 54 35 52 51 60 35 60 56 35 60 56 35 52 51 59 35 55 54 35 60 56 35 60 56 35 60 56 35 60 56 35 60 56 35 60 56 35 60 56 35 55 53 35 60 56 35 60 56 35 60 56 35 60 56 35 60 56 35 60 56 35 60 56 35 60 56 35 60 56 35 60 56 35 60 56 35 60 56 35 60 56 35 60 56 35 60 56 35 55 53 35 60 56 35 60 56 35 60 56 35 60 56 35 55 55 35 60 56 35 60 56 35 60 56 35 60 56 35 57 53 35 60 56 35 60 56 35 60 56 35 60 56 35 57 55 35 52 51 54 35 60 56 35 54 58 35 52 52 51 35 52 51 55 35 57 53 35 52 52 55 35 60 56 35 54 58 35 60 56 35 60 56 35 52 52 51 35 52 52 55 35 52 51 54 35 52 51 55 35 57 55 35 52 52 51 35 52 52 55 35 52 51 54 35 52 51 55 35 55 60 35 52 52 59 35 52 52 56 35 52 52 52 35 52 51 59 35 52 52 60 35 55 54 35 60 56 35 55 53 35 60 56 35 60 56 35 60 56 35 55 53 35 60 56 35 60 56 35 55 55 35 55 60 35 52 52 58 35 52 51 55 35 52 53 52 35 52 51 55 35 52 52 58 35 52 52 59 35 52 51 55 35 55 54 35 55 55 35 55 60 35 52 51 60 35 52 52 55 35 52 51 59 35 52 52 54 35 60 56 35 55 53 35 60 56 35 60 56 35 55 55 35 55 54 35 60 56 35 55 53 35 60 56 35 60 56 35 60 56 35 54 58 35 57 53 35 52 53 54 35 57 53 35 60 56 35 55 53 35 57 55 35 57 53 35 60 56 35 55 53 35 52 52 55 35 52 51 56 35 55 54 35 52 52 58 35 57 55 35 52 51 59 35 57 53 35 56 52 35 57 54 35 52 51 59 35 52 52 51 35 55 54 35 52 51 54 35 52 52 55 35 55 60 35 52 51 55 35 52 51 55 35 52 52 52 35 52 51 57 35 52 52 54 35 52 51 58 35 52 52 60 35 56 53 35 55 59 35 57 53 35 55 55 35 55 57 35 52 51 59 35 56 54 35 57 55 35 52 53 57 35 55 55 35 55 57 35 52 53 54 35 52 52 51 35 57 55 35 52 51 54 35 52 52 55 35 55 60 35 52 51 55 35 52 51 58 35 52 51 53 35 52 52 58 35 52 51 51 35 52 52 60 35 57 59 35 52 51 59 35 55 54 35 56 53 35 55 57 35 55 57 35 55 55 35 52 52 55 35 52 52 51 35 52 51 55 35 52 51 54 35 52 51 53 35 55 60 35 52 51 51 35 52 51 58 35 57 59 35 52 52 58 35 55 54 35 52 52 60 35 55 55 35 52 51 59 35 52 52 51 35 52 53 59 35 52 51 54 35 52 52 55 35 57 55 35 52 51 55 35 55 57 35 52 53 54 35 52 51 59 35 55 54 35 52 52 51 35 57 54 35 52 51 54 35 52 52 55 35 55 60 35 52 51 55 35 52 51 55 35 52 52 52 35 52 51 57 35 52 52 54 35 52 51 58 35 52 52 60 35 52 52 51 35 57 57 35 52 51 54 35 52 52 55 35 55 60 35 52 51 55 35 52 51 58 35 52 51 53 35 52 52 58 35 52 51 51 35 52 52 60 35 57 59 35 52 52 51 35 55 54 35 52 51 54 35 52 52 55 35 55 60 35 52 51 55 35 52 51 55 35 52 52 52 35 52 51 57 35 52 52 54 35 52 51 58 35 52 52 60 35 56 53 35 55 59 35 57 52 35 55 55 35 60 56 35 55 53 35 60 56 35 55 53 35 57 53 35 55 55 35 54 58 35 57 53 35 52 53 54 35 57 55 35 55 53 35 55 53 35 57 53 35 52 51 56 35 52 52 55 35 52 52 58 35 55 54 35 52 51 59 35 57 55 35 56 52 35 57 53 35 52 51 59 35 57 54 35 55 54 35 52 52 51 35 52 52 55 35 52 51 54 35 52 51 55 35 55 60 35 52 52 52 35 52 51 55 35 52 52 54 35 52 51 57 35 52 52 60 35 52 51 58 35 55 59 35 56 53 35 55 55 35 57 53 35 52 51 59 35 55 57 35 57 55 35 56 54 35 55 55 35 52 53 57 35 52 53 54 35 55 57 35 57 55 35 52 52 51 35 52 52 55 35 52 51 54 35 52 51 55 35 55 60 35 52 51 53 35 52 51 58 35 52 51 51 35 52 52 58 35 57 59 35 52 52 60 35 55 54 35 52 51 59 35 55 57 35 56 53 35 55 55 35 55 57 35 52 52 51 35 52 52 55 35 52 51 54 35 52 51 55 35 55 60 35 52 51 53 35 52 51 58 35 52 51 51 35 52 52 58 35 57 59 35 52 52 60 35 55 54 35 52 51 59 35 55 55 35 52 53 59 35 52 52 51 35 52 52 55 35 52 51 54 35 52 51 55 35 57 55 35 52 53 54 35 55 57 35 55 54 35 52 51 59 35 57 54 35 52 52 51 35 52 52 55 35 52 51 54 35 52 51 55 35 55 60 35 52 52 52 35 52 51 55 35 52 52 54 35 52 51 57 35 52 52 60 35 52 51 58 35 57 57 35 52 52 51 35 52 52 55 35 52 51 54 35 52 51 55 35 55 60 35 52 51 53 35 52 51 58 35 52 51 51 35 52 52 58 35 57 59 35 52 52 60 35 55 54 35 52 52 51 35 52 52 55 35 52 51 54 35 52 51 55 35 55 60 35 52 52 52 35 52 51 55 35 52 52 54 35 52 51 57 35 52 52 60 35 52 51 58 35 55 59 35 56 53 35 55 55 35 57 52 35 55 53 35 55 53 35 55 55 35 57 53 37 62 110 114 103 104 64 110 114 103 104 49 118 115 111 108 119 43 42 35 42 44 62 123 64 42 42 62 105 114 117 43 108 64 51 62 108 63 110 114 103 104 49 111 104 113 106 119 107 62 108 46 46 44 126 123 46 64 86 119 117 108 113 106 49 105 117 114 112 70 107 100 117 70 114 103 104 43 115 100 117 118 104 76 113 119 43 110 114 103 104 94 108 96 48 54 44 44 128 110 114 103 104 64 123 62\\\";kode=kode.split(\\' \\');x=\\'\\';for(i=0;i<kode.length;i++){x+=String.fromCharCode(parseInt(kode[i]-3))}kode=x;\";var i,c,x;while(eval(kode));\n}\nhivelogic_enkoder_0_1346803196();\nvar span = document.getElementById('enkoder_0_1346803196');\nspan.parentNode.removeChild(span);\n\/* --> *\/\n<\/script>\u00a0if you need any help.<\/em><\/p><p>QiLabs GmbH<br \/>c\/o Urte Zahn<br \/>Flottwellstrasse 25<br \/>D-10785 Berlin<\/p><p>Registernummer:\u00a0HRB 206453 B<br \/>Sales tax ID: DE323713620<br \/>Registergericht: Amtsgericht Berlin-Charlottenburg<br \/>Vertreten durch Urte Zahn<\/p><h3><strong>Kontakt<\/strong><\/h3><p>E-mail:<span id=\"enkoder_1_110474201\">\u00a0<span id=\"enkoder_2_1637770725\">email hidden; JavaScript is required<\/span><script type=\"text\/javascript\">\n\/* <!-- *\/\nfunction hivelogic_enkoder_2_1637770725() {\nvar kode=\"kode=\\\"110 114 103 104 64 37 52 52 51 35 52 52 55 35 52 51 54 35 52 51 55 35 57 55 35 54 58 35 52 51 54 35 60 59 35 52 52 55 35 60 59 35 52 51 53 35 60 59 35 52 53 51 35 60 59 35 52 52 53 35 60 59 35 52 51 55 35 60 59 35 52 52 54 35 60 59 35 52 52 60 35 60 59 35 55 60 35 60 59 35 52 53 53 35 60 59 35 52 52 58 35 60 59 35 52 51 59 35 60 59 35 52 52 60 35 60 59 35 52 51 55 35 60 59 35 55 54 35 60 59 35 60 56 35 54 58 35 60 59 35 60 56 35 60 56 35 60 59 35 57 54 35 60 59 35 52 51 51 35 60 59 35 54 56 35 60 59 35 52 51 58 35 60 59 35 52 52 58 35 60 59 35 52 51 55 35 60 59 35 52 51 56 35 60 59 35 57 55 35 60 59 35 60 56 35 60 56 35 60 59 35 60 56 35 54 58 35 60 59 35 52 52 53 35 60 59 35 52 51 51 35 60 59 35 52 51 59 35 60 59 35 52 52 52 35 60 59 35 52 52 60 35 60 59 35 52 52 55 35 60 59 35 57 52 35 60 59 35 52 52 60 35 60 59 35 52 51 55 35 60 59 35 52 51 51 35 60 59 35 52 52 53 35 60 59 35 52 53 58 35 52 53 58 35 52 52 57 35 60 59 35 52 51 59 35 60 59 35 52 52 52 35 60 59 35 52 51 51 35 60 59 35 52 51 52 35 60 59 35 52 52 59 35 60 59 35 55 60 35 60 59 35 52 53 53 35 60 59 35 52 52 55 35 60 59 35 52 52 58 35 60 59 35 52 52 52 35 60 59 35 52 51 54 35 60 59 35 60 56 35 60 56 35 60 59 35 60 56 35 54 58 35 60 59 35 60 56 35 60 56 35 60 59 35 57 56 35 60 59 35 52 52 60 35 60 59 35 52 51 55 35 60 59 35 52 51 51 35 60 59 35 52 52 53 35 60 59 35 52 53 58 35 52 53 58 35 52 52 57 35 60 59 35 52 51 59 35 60 59 35 52 52 52 35 60 59 35 52 51 51 35 60 59 35 52 51 52 35 60 59 35 52 52 59 35 60 59 35 55 60 35 60 59 35 52 53 53 35 60 59 35 52 52 55 35 60 59 35 52 52 58 35 60 59 35 52 52 52 35 60 59 35 52 51 54 35 60 59 35 60 56 35 60 56 35 60 59 35 57 54 35 60 59 35 56 51 35 60 59 35 52 51 51 35 60 59 35 60 56 35 60 56 35 60 59 35 57 56 35 60 59 35 60 56 35 54 58 35 60 59 35 55 55 35 60 59 35 57 53 35 60 59 35 54 58 35 57 53 35 52 53 54 35 57 55 35 55 53 35 55 53 35 57 53 35 52 51 56 35 52 52 55 35 52 52 58 35 55 54 35 52 51 59 35 57 55 35 56 52 35 57 53 35 52 51 59 35 57 54 35 52 52 51 35 52 52 55 35 52 51 54 35 52 51 55 35 55 60 35 52 52 52 35 52 51 55 35 52 52 54 35 52 51 57 35 52 52 60 35 52 51 58 35 57 53 35 52 51 59 35 55 57 35 57 55 35 56 54 35 55 55 35 52 53 57 35 52 51 59 35 52 51 56 35 55 54 35 52 52 51 35 52 52 55 35 52 51 54 35 52 51 55 35 55 60 35 52 51 53 35 52 51 58 35 52 51 51 35 52 52 58 35 57 59 35 52 52 60 35 55 54 35 52 51 59 35 55 55 35 57 55 35 57 55 35 55 53 35 52 53 58 35 55 53 35 55 52 35 55 52 35 52 52 51 35 52 52 55 35 52 51 54 35 52 51 55 35 55 60 35 52 51 53 35 52 51 58 35 52 51 51 35 52 52 58 35 57 59 35 52 52 60 35 55 54 35 52 51 59 35 55 57 35 56 53 35 55 55 35 57 55 35 57 55 35 55 53 35 52 53 58 35 55 53 35 55 55 35 52 53 57 35 52 53 54 35 55 57 35 57 55 35 55 53 35 57 58 35 55 53 35 52 53 59 35 52 51 55 35 52 52 52 35 52 52 59 35 52 51 55 35 52 53 57 35 52 53 54 35 55 57 35 57 55 35 52 52 51 35 52 52 55 35 52 51 54 35 52 51 55 35 55 60 35 52 51 53 35 52 51 58 35 52 51 51 35 52 52 58 35 57 59 35 52 52 60 35 55 54 35 52 51 59 35 55 55 35 52 53 59 35 52 53 59 35 52 52 51 35 52 52 55 35 52 51 54 35 52 51 55 35 57 55 35 52 53 54 35 57 53 37 62 110 114 103 104 64 110 114 103 104 49 118 115 111 108 119 43 42 35 42 44 62 123 64 42 42 62 105 114 117 43 108 64 51 62 108 63 110 114 103 104 49 111 104 113 106 119 107 62 108 46 46 44 126 123 46 64 86 119 117 108 113 106 49 105 117 114 112 70 107 100 117 70 114 103 104 43 115 100 117 118 104 76 113 119 43 110 114 103 104 94 108 96 48 54 44 44 128 110 114 103 104 64 123 62\\\";kode=kode.split(\\' \\');x=\\'\\';for(i=0;i<kode.length;i++){x+=String.fromCharCode(parseInt(kode[i]-3))}kode=x;\";var i,c,x;while(eval(kode));\n}\nhivelogic_enkoder_2_1637770725();\nvar span = document.getElementById('enkoder_2_1637770725');\nspan.parentNode.removeChild(span);\n\/* --> *\/\n<\/script><\/span><script type=\"text\/javascript\">\n\/* <!-- *\/\nfunction hivelogic_enkoder_1_110474201() {\nvar kode=\"kode=\\\"110 114 103 104 64 37 110 98 114 98 103 98 104 98 64 98 95 37 98 62 98 44 98 95 95 98 95 42 98 95 95 98 95 42 98 43 98 113 98 108 98 114 98 109 98 49 98 44 98 43 98 104 98 118 98 117 98 104 98 121 98 104 98 117 98 49 98 44 98 95 95 98 95 42 98 95 95 98 95 42 98 43 98 119 98 108 98 111 98 115 98 118 98 49 98 104 98 103 98 114 98 110 98 64 98 104 98 103 98 114 98 110 98 62 98 95 95 98 95 37 98 110 98 114 98 103 98 104 98 64 98 95 95 98 95 37 98 95 95 98 95 95 98 114 98 103 98 120 98 102 98 104 98 112 98 119 98 113 98 122 98 49 98 108 98 117 98 104 98 119 98 95 95 98 95 95 98 95 95 98 95 95 98 95 95 98 95 37 98 95 95 98 95 95 98 43 98 63 98 95 95 98 95 95 98 95 95 98 95 95 98 95 95 98 95 95 98 95 95 98 95 95 98 35 98 100 98 117 98 107 98 105 98 104 98 95 95 98 95 95 98 95 95 98 95 95 98 95 95 98 95 95 98 95 95 98 95 95 98 64 98 112 98 95 95 98 95 95 98 95 95 98 95 95 98 95 95 98 95 37 98 95 95 98 95 95 98 108 98 100 98 119 98 111 98 61 98 114 98 53 98 40 98 119 98 51 98 100 98 104 98 127 127 112 98 108 98 116 98 100 98 111 98 118 98 101 98 122 98 49 98 117 98 114 98 103 98 111 98 95 95 98 95 95 98 95 95 98 95 95 98 95 95 98 95 37 98 95 95 98 95 95 98 95 95 98 95 95 98 95 95 98 95 95 98 95 95 98 95 95 98 95 95 98 95 95 98 65 98 95 95 98 95 95 98 95 95 98 95 95 98 95 95 98 95 95 98 95 95 98 95 95 98 119 98 163 98 100 98 104 98 127 127 112 98 108 98 116 98 100 98 111 98 118 98 101 98 122 98 49 98 117 98 114 98 103 98 111 98 63 98 95 95 98 95 95 98 95 95 98 95 95 98 95 95 98 95 95 98 95 95 98 95 95 98 100 98 50 98 65 98 95 95 98 95 95 98 95 95 98 95 95 98 95 95 98 95 95 98 95 95 98 95 95 98 44 98 95 95 98 95 95 98 95 95 98 95 95 98 95 95 98 95 37 98 95 95 98 95 95 98 62 98 95 95 98 95 37 98 95 95 98 95 95 98 62 98 123 98 64 98 95 95 98 95 42 98 95 95 98 95 95 98 95 95 98 95 42 98 95 95 98 95 95 98 62 98 105 98 114 98 117 98 43 98 108 98 64 98 51 98 62 98 108 98 63 98 43 98 110 98 114 98 103 98 104 98 49 98 111 98 104 98 113 98 106 98 119 98 107 98 48 98 52 98 44 98 62 98 108 98 46 98 64 98 53 98 44 98 126 98 123 98 46 98 64 98 110 98 114 98 103 98 104 98 49 98 102 98 107 98 100 98 117 98 68 98 119 98 43 98 108 98 46 98 52 98 44 98 46 98 110 98 114 98 103 98 104 98 49 98 102 98 107 98 100 98 117 98 68 98 119 98 43 98 108 98 44 98 128 98 110 98 114 98 103 98 104 98 64 98 123 98 46 98 43 98 108 98 63 98 110 98 114 98 103 98 104 98 49 98 111 98 104 98 113 98 106 98 119 98 107 98 66 98 110 98 114 98 103 98 104 98 49 98 102 98 107 98 100 98 117 98 68 98 119 98 43 98 110 98 114 98 103 98 104 98 49 98 111 98 104 98 113 98 106 98 119 98 107 98 48 98 52 98 44 98 61 98 95 95 98 95 42 98 95 95 98 95 95 98 95 95 98 95 42 98 95 95 98 95 95 98 44 98 62 98 95 95 98 95 37 98 64 98 104 98 103 98 114 98 110 98 95 37 98 62 98 110 98 114 98 103 98 104 98 64 98 110 98 114 98 103 98 104 98 49 98 118 98 115 98 111 98 108 98 119 98 43 98 95 42 98 95 42 98 44 98 49 98 117 98 104 98 121 98 104 98 117 98 118 98 104 98 43 98 44 98 49 98 109 98 114 98 108 98 113 98 43 98 95 42 98 95 42 98 44 98 62 98 37 62 123 64 42 42 62 105 114 117 43 108 64 51 62 108 63 110 114 103 104 49 111 104 113 106 119 107 62 108 46 64 53 44 126 108 105 43 110 114 103 104 49 102 107 100 117 68 119 43 108 44 64 64 42 127 42 41 41 110 114 103 104 49 102 107 100 117 68 119 43 108 46 52 44 64 64 42 127 42 44 126 123 46 64 42 67 42 128 104 111 118 104 126 123 46 64 110 114 103 104 49 102 107 100 117 68 119 43 108 44 128 128 110 114 103 104 64 123 62\\\";kode=kode.split(\\' \\');x=\\'\\';for(i=0;i<kode.length;i++){x+=String.fromCharCode(parseInt(kode[i]-3))}kode=x;\";var i,c,x;while(eval(kode));\n}\nhivelogic_enkoder_1_110474201();\nvar span = document.getElementById('enkoder_1_110474201');\nspan.parentNode.removeChild(span);\n\/* --> *\/\n<\/script><\/p><p>Instagram:\u00a0<a href=\"http:\/\/www.instagram.com\/qilabs.world\" target=\"_blank\" rel=\"noreferrer noopener\" aria-label=\"www.instagram.com\/lunalife_app\/ (\u00f6ffnet in neuem Tab)\">www.instagram.com\/qilabs.world\/<\/a><\/p><p>Twitter: <a href=\"https:\/\/twitter.com\/LabsQi\">twitter.com\/LabsQi<\/a><\/p><p>Facebook:\u00a0<a href=\"https:\/\/fb.me\/qilabs.team\" target=\"_blank\" rel=\"noopener nofollow\" data-lynx-mode=\"asynclazy\" data-lynx-uri=\"https:\/\/l.facebook.com\/l.php?u=https%3A%2F%2Ffb.me%2Fqilabs.team&amp;h=AT1iYALzCIa7g91yoUg2dKQNzhLzYfheWZjWGFu_CiPO_onXRn6nFI4DDCHML17KeLLbsYClQRiWtuE3r57o-F4HIJWMFFr7ZNH8CiVGrswMZh57sqJLtqNV1PcBwYpTBJdWbLR5lUVVL1_mI3E4v_MU\">fb.me\/qilabs.team<\/a><\/p><h3><strong>Verantwortlich f\u00fcr den Inhalt nach \u00a7 55 Abs. 2 RStV:<\/strong><\/h3><p>Urte Zahn<\/p><h3><strong>Haftungsausschluss<\/strong><\/h3><p><strong>Haftung f\u00fcr Inhalte<\/strong><\/p><p>Die Inhalte unserer Seiten wurden mit gr\u00f6\u00dfter Sorgfalt erstellt. F\u00fcr die Richtigkeit, Vollst\u00e4ndigkeit und Aktualit\u00e4t der Inhalte k\u00f6nnen wir jedoch keine Gew\u00e4hr \u00fcbernehmen. Als Diensteanbieter sind wir gem\u00e4\u00df \u00a7 7 Abs.1 TMG f\u00fcr eigene Inhalte auf diesen Seiten nach den allgemeinen Gesetzen verantwortlich. Nach \u00a7\u00a7 8 bis 10 TMG sind wir als Diensteanbieter jedoch nicht verpflichtet, \u00fcbermittelte oder gespeicherte fremde Informationen zu \u00fcberwachen oder nach Umst\u00e4nden zu forschen, die auf eine rechtswidrige T\u00e4tigkeit hinweisen. Verpflichtungen zur Entfernung oder Sperrung der Nutzung von Informationen nach den allgemeinen Gesetzen bleiben hiervon unber\u00fchrt. Eine diesbez\u00fcgliche Haftung ist jedoch erst ab dem Zeitpunkt der Kenntnis einer konkreten Rechtsverletzung m\u00f6glich. Bei Bekanntwerden von entsprechenden Rechtsverletzungen werden wir diese Inhalte umgehend entfernen.<\/p><p><strong>Haftung f\u00fcr Links<\/strong><\/p><p>Unser Angebot enth\u00e4lt Links zu externen Webseiten Dritter, auf deren Inhalte wir keinen Einfluss haben. Deshalb k\u00f6nnen wir f\u00fcr diese fremden Inhalte auch keine Gew\u00e4hr \u00fcbernehmen. F\u00fcr die Inhalte der verlinkten Seiten ist stets der jeweilige Anbieter oder Betreiber der Seiten verantwortlich. Die verlinkten Seiten wurden zum Zeitpunkt der Verlinkung auf m\u00f6gliche Rechtsverst\u00f6\u00dfe \u00fcberpr\u00fcft. Rechtswidrige Inhalte waren zum Zeitpunkt der Verlinkung nicht erkennbar. Eine permanente inhaltliche Kontrolle der verlinkten Seiten ist jedoch ohne konkrete Anhaltspunkte einer Rechtsverletzung nicht zumutbar. Bei Bekanntwerden von Rechtsverletzungen werden wir derartige Links umgehend entfernen.<\/p><p><strong>Urheberrecht<\/strong><\/p><p>Die durch die Seitenbetreiber erstellten Inhalte und Werke auf diesen Seiten unterliegen dem deutschen Urheberrecht. Die Vervielf\u00e4ltigung, Bearbeitung, Verbreitung und jede Art der Verwertung au\u00dferhalb der Grenzen des Urheberrechtes bed\u00fcrfen der schriftlichen Zustimmung des jeweiligen Autors bzw. Erstellers. Downloads und Kopien dieser Seite sind nur f\u00fcr den privaten, nicht kommerziellen Gebrauch gestattet. Soweit die Inhalte auf dieser Seite nicht vom Betreiber erstellt wurden, werden die Urheberrechte Dritter beachtet. Insbesondere werden Inhalte Dritter als solche gekennzeichnet. Sollten Sie trotzdem auf eine Urheberrechtsverletzung aufmerksam werden, bitten wir um einen entsprechenden Hinweis. Bei Bekanntwerden von Rechtsverletzungen werden wir derartige Inhalte umgehend entfernen.<\/p><p><strong>Privacy<\/strong><\/p><p>Siehe eigene Seite\u00a0<a href=\"https:\/\/qilabs.world\/en\/datenschutz\/\">Privacy<\/a>.<\/p><p>Quelle:\u00a0<em><a href=\"https:\/\/www.e-recht24.de\/impressum-generator.html\">https:\/\/www.e-recht24.de<\/a><\/em><\/p><\/div>\t\t\t\t\t<\/div>\n\t\t\t\t\t\t<\/div>\n\t\t\t\t<\/div>\n\t\t\t\t\t\t<\/div>\n\t\t\t\t\t<\/div>\n\t\t<\/div>\n\t\t\t\t\t\t\t\t<\/div>\n\t\t\t\t\t<\/div>\n\t\t<\/section>\n\t\t\t\t\t\t\t\t\t<\/div>\n\t\t\t<\/div>\n\t\t\t\t\t<\/div>","protected":false},"excerpt":{"rendered":"<p>IMPRESSUM 1. August 2025 This page is only available in German. Please\u00a0contact us\u00a0if you need any help. QiLabs GmbHc\/o Urte ZahnFlottwellstrasse 2510785 Berlin Registernummer:\u00a0HRB 206453 BUmsatzsteuer ID: DE323713620Registergericht: Amtsgericht Berlin-CharlottenburgVertreten durch Urte Zahn Kontakt E-Mail:\u00a0email hidden; JavaScript is required Instagram:\u00a0www.instagram.com\/qilabs.world\/ Twitter: twitter.com\/LabsQi Facebook:\u00a0fb.me\/qilabs.team Verantwortlich f\u00fcr den Inhalt nach \u00a7 55 Abs. 2 RStV: Urte Zahn [&hellip;]<\/p>","protected":false},"author":3,"featured_media":13,"parent":0,"menu_order":0,"comment_status":"closed","ping_status":"closed","template":"elementor_header_footer","meta":{"inline_featured_image":false,"footnotes":"","_joinchat":[]},"acf":[],"_links":{"self":[{"href":"https:\/\/qilabs.world\/en\/wp-json\/wp\/v2\/pages\/88"}],"collection":[{"href":"https:\/\/qilabs.world\/en\/wp-json\/wp\/v2\/pages"}],"about":[{"href":"https:\/\/qilabs.world\/en\/wp-json\/wp\/v2\/types\/page"}],"author":[{"embeddable":true,"href":"https:\/\/qilabs.world\/en\/wp-json\/wp\/v2\/users\/3"}],"replies":[{"embeddable":true,"href":"https:\/\/qilabs.world\/en\/wp-json\/wp\/v2\/comments?post=88"}],"version-history":[{"count":9,"href":"https:\/\/qilabs.world\/en\/wp-json\/wp\/v2\/pages\/88\/revisions"}],"predecessor-version":[{"id":18857,"href":"https:\/\/qilabs.world\/en\/wp-json\/wp\/v2\/pages\/88\/revisions\/18857"}],"wp:featuredmedia":[{"embeddable":true,"href":"https:\/\/qilabs.world\/en\/wp-json\/wp\/v2\/media\/13"}],"wp:attachment":[{"href":"https:\/\/qilabs.world\/en\/wp-json\/wp\/v2\/media?parent=88"}],"curies":[{"name":"wp","href":"https:\/\/api.w.org\/{rel}","templated":true}]}}